{"id":35,"date":"2016-06-14T16:38:41","date_gmt":"2016-06-14T14:38:41","guid":{"rendered":"https:\/\/www.distrettodattilo.com\/web\/?page_id=35"},"modified":"2019-11-14T11:12:28","modified_gmt":"2019-11-14T10:12:28","slug":"chi-siamo","status":"publish","type":"page","link":"https:\/\/www.distrettodattilo.com\/web\/chi-siamo\/","title":{"rendered":"Chi Siamo"},"content":{"rendered":"<p style=\"text-align: justify;\">Tra i soci del <strong>Distretto DATTILO<\/strong> si annoverano i principali soggetti industriali presenti in Campania per ciascun settore:<\/p>\n<ul style=\"text-align: justify;\">\n<li>Filiera Automotive: rappresentata dall\u2019associazione ANFIA che raccoglie i principali produttori di veicoli stradali tra cui grandi gruppi come FIAT e Adler;<\/li>\n<\/ul>\n<ul style=\"text-align: justify;\">\n<li>Filiera Ferroviaria: Hitachi Rail STS Spa; Hitachi Rail Spa;\u00a0 CEA; CTIF; Consorzio Tecnologies; INTECS Solutions SPA;<\/li>\n<\/ul>\n<ul style=\"text-align: justify;\">\n<li>Filiera Logistica: ASTER, CID software; Eurohandling srl, Innovaway Spa, Medinok Spa,\u00a0 Servizi Nazionali Avvistamento Marittimo S.c.a.r.l.<\/li>\n<\/ul>\n<p style=\"text-align: justify;\">DATTILO si \u00e8 costituita come societ\u00e0 consortile a responsabilit\u00e0 limitata con quote di partecipazione paritetiche tra la <strong>filiera automotive e ferroviaria<\/strong> (38% ciascuna) e con una partecipazione della <strong>filiera logistica<\/strong> pari al 10%.<br \/>\nPer quanto riguarda gli enti pubblici di ricerca rappresentati dai Centri di Competenza Regionali dei Trasporti (TEST) e dell\u2019ICT (CeRICT Centro Regionale di Ricerca per l\u2019Information and Telecommunication Technologies), la partecipazione \u00e8 al 14%.<\/p>\n<p style=\"text-align: justify;\">La governance \u00e8 prevalentemente industriale, in quanto prevede tre Consiglieri di Amministrazione per ciascuna delle due filiere automotive e ferroviaria, un Consigliere per la filiera logistica ed un Consigliere per ciascuno dei due Centri di Competenza. La carica di Presidente \u00e8 attualmente rivestita dal <strong>Dott. Antonio Orefice.<\/strong><\/p>\n<p style=\"text-align: justify;\">\u00c8 stato costituito un Gruppo Operativo avente lo scopo di attuare e coordinare tutte le iniziative distrettuali e composto da un rappresentante per ciascuna filiera e da due rappresentanti dei Centri di Competenza.<br \/>\nDATTILO, immediatamente dopo la sua costituzione, ha promosso la presentazione di <strong>sette progetti<\/strong> di ricerca, sviluppo e formazione al Ministero della Ricerca ed alla regione Campania per ottenerne il finanziamento. Sei di tali progetti hanno gi\u00e0 sottoscritto i relativi atti d\u2019obbligo e il settimo ha ottenuto il decreto di ammissione al finanziamento.<\/p>\n","protected":false},"excerpt":{"rendered":"<p>Tra i soci del Distretto DATTILO si annoverano i principali soggetti industriali presenti in Campania per ciascun settore: Filiera Automotive: rappresentata dall\u2019associazione ANFIA che raccoglie i principali produttori di veicoli stradali tra cui grandi gruppi come FIAT e Adler; Filiera Ferroviaria: Hitachi Rail STS Spa; Hitachi Rail Spa;\u00a0 CEA; CTIF; Consorzio Tecnologies; INTECS Solutions SPA; Filiera Logistica: ASTER, CID software;&nbsp;<a href=\"https:\/\/www.distrettodattilo.com\/web\/chi-siamo\/\" class=\"read-more\">Continue Reading<\/a><\/p>\n","protected":false},"author":1,"featured_media":0,"parent":0,"menu_order":0,"comment_status":"closed","ping_status":"closed","template":"","meta":[],"yoast_head":"<!-- This site is optimized with the Yoast SEO plugin v15.1.1 - https:\/\/yoast.com\/wordpress\/plugins\/seo\/ -->\n<title>Chi Siamo - Distretto Dattilo<\/title>\n<meta name=\"robots\" content=\"index, follow, max-snippet:-1, max-image-preview:large, max-video-preview:-1\" \/>\n<link rel=\"canonical\" href=\"https:\/\/www.distrettodattilo.com\/web\/chi-siamo\/\" \/>\n<meta property=\"og:locale\" content=\"it_IT\" \/>\n<meta property=\"og:type\" content=\"article\" \/>\n<meta property=\"og:title\" content=\"Chi Siamo - Distretto Dattilo\" \/>\n<meta property=\"og:description\" content=\"Tra i soci del Distretto DATTILO si annoverano i principali soggetti industriali presenti in Campania per ciascun settore: Filiera Automotive: rappresentata dall\u2019associazione ANFIA che raccoglie i principali produttori di veicoli stradali tra cui grandi gruppi come FIAT e Adler; Filiera Ferroviaria: Hitachi Rail STS Spa; Hitachi Rail Spa;\u00a0 CEA; CTIF; Consorzio Tecnologies; INTECS Solutions SPA; Filiera Logistica: ASTER, CID software;&nbsp;Continue Reading\" \/>\n<meta property=\"og:url\" content=\"https:\/\/www.distrettodattilo.com\/web\/chi-siamo\/\" \/>\n<meta property=\"og:site_name\" content=\"Distretto Dattilo\" \/>\n<meta property=\"article:modified_time\" content=\"2019-11-14T10:12:28+00:00\" \/>\n<meta name=\"twitter:card\" content=\"summary\" \/>\n<script type=\"application\/ld+json\" class=\"yoast-schema-graph\">{\"@context\":\"https:\/\/schema.org\",\"@graph\":[{\"@type\":\"WebSite\",\"@id\":\"https:\/\/www.distrettodattilo.com\/web\/#website\",\"url\":\"https:\/\/www.distrettodattilo.com\/web\/\",\"name\":\"Distretto Dattilo\",\"description\":\"\",\"potentialAction\":[{\"@type\":\"SearchAction\",\"target\":\"https:\/\/www.distrettodattilo.com\/web\/?s={search_term_string}\",\"query-input\":\"required name=search_term_string\"}],\"inLanguage\":\"it-IT\"},{\"@type\":\"WebPage\",\"@id\":\"https:\/\/www.distrettodattilo.com\/web\/chi-siamo\/#webpage\",\"url\":\"https:\/\/www.distrettodattilo.com\/web\/chi-siamo\/\",\"name\":\"Chi Siamo - Distretto Dattilo\",\"isPartOf\":{\"@id\":\"https:\/\/www.distrettodattilo.com\/web\/#website\"},\"datePublished\":\"2016-06-14T14:38:41+00:00\",\"dateModified\":\"2019-11-14T10:12:28+00:00\",\"inLanguage\":\"it-IT\",\"potentialAction\":[{\"@type\":\"ReadAction\",\"target\":[\"https:\/\/www.distrettodattilo.com\/web\/chi-siamo\/\"]}]}]}<\/script>\n<!-- \/ Yoast SEO plugin. -->","_links":{"self":[{"href":"https:\/\/www.distrettodattilo.com\/web\/wp-json\/wp\/v2\/pages\/35"}],"collection":[{"href":"https:\/\/www.distrettodattilo.com\/web\/wp-json\/wp\/v2\/pages"}],"about":[{"href":"https:\/\/www.distrettodattilo.com\/web\/wp-json\/wp\/v2\/types\/page"}],"author":[{"embeddable":true,"href":"https:\/\/www.distrettodattilo.com\/web\/wp-json\/wp\/v2\/users\/1"}],"replies":[{"embeddable":true,"href":"https:\/\/www.distrettodattilo.com\/web\/wp-json\/wp\/v2\/comments?post=35"}],"version-history":[{"count":11,"href":"https:\/\/www.distrettodattilo.com\/web\/wp-json\/wp\/v2\/pages\/35\/revisions"}],"predecessor-version":[{"id":305,"href":"https:\/\/www.distrettodattilo.com\/web\/wp-json\/wp\/v2\/pages\/35\/revisions\/305"}],"wp:attachment":[{"href":"https:\/\/www.distrettodattilo.com\/web\/wp-json\/wp\/v2\/media?parent=35"}],"curies":[{"name":"wp","href":"https:\/\/api.w.org\/{rel}","templated":true}]}}